{"id":12,"date":"2016-03-25T11:22:16","date_gmt":"2016-03-25T10:22:16","guid":{"rendered":"http:\/\/www.fitcup.at\/2016\/?page_id=12"},"modified":"2025-04-16T15:15:04","modified_gmt":"2025-04-16T13:15:04","slug":"organisation","status":"publish","type":"page","link":"https:\/\/www.fitcup.at\/?page_id=12","title":{"rendered":"Organisation bis 2023"},"content":{"rendered":"<p>[vc_row][vc_column width=&#8220;2\/3&#8243;][vc_empty_space][vc_custom_heading text=&#8220;Organisator:&#8220; google_fonts=&#8220;font_family:Montserrat%3Aregular%2C700|font_style:400%20regular%3A400%3Anormal&#8220;][vc_column_text css_animation=&#8220;appear&#8220;]VS, HS, HTL, BS-Tiefbau u. Vermessung. \u00dcber 20 Jahre bis 2002 im Ziv.Ing. B\u00fcro Tiefbau Planung u. Bauaufsicht t\u00e4tig. Von 2002 bis 2015 in der FP\u00d6, Landesgesch\u00e4ftsstelle Steiermark als ORGA-Referent angestellt.<\/p>\n<p>Seit 1995 Gemeinderat in der Gemeinde Gersdorf a.d.F., 2005 bis 2010 und ab 2015 Gemeindekassier, 2006 bis 2019 Bezirksparteiobmann der FP\u00d6 Weiz und von 2015 bis 2019 Landtagsabgeordneter im Steierm\u00e4rkischen Landtag f\u00fcr die FP\u00d6 Fraktion. Seit 2010 Nebenerwerbslandwirt und seit 2017 Landwirt meiner &#8222;Ranch&#8220; in Rohrbach am Kulm.<\/p>\n<p>Ehrenamtliche Vereinst\u00e4tigkeiten in Gersdorf a.d.F.: bis 2014 Obmann beim Feitlklub \u201eElfriede\u201c, ESV Gersdorf, Freiwillige Feuerwehr, Tourismusverband Gersdorf, UTC Gersdorf<\/p>\n<p>Hobbys, wie k\u00f6nnte es anders sein, Tennisspielen, vor allem Doppel (mein bestes ATP-Ranking war die Nr. 7 \u2013 aber beim UTC Gersdorf \/ Spa\u00df muss Freude machen!) und Radfahren sowie organisieren und managen, Geselligkeit und Familie bzw. meine \u201eHasen\u201c und meine Enkerln &#8211; wenn noch Zeit bleibt.<\/p>\n<p>Vorg\u00e4nger des FIT CUP`s war der Feistritztalcup, in den Jahren 1999 bis 2004 organisierte Franz Monschein diesen Damen- und Herrenbewerb. An dieser Stelle nochmals ein aufrichtiges und herzliches Dankesch\u00f6n an Herrn Franz Monschein. Mit 2004 stand somit das Ende des Bewerbes fast fest, denn es fand sich kein Nachfolger, bis zu dem Zeitpunkt wo mich ein Herr Werner Zeller jun. ins Spiel brachte und in mir das Interesse sch\u00e4rfte, um ein Weiterleben zu sichern. Aus dem Interesse wurde gleich eine ganz gro\u00dfe Liebe f\u00fcr diesen Tennisbewerb.<\/p>\n<p>Seit 2005 also, mit neuem Namen, neuem Logo, mit Intersport XL und RAIBA als Sponsoren sowie einem ausgedachten Spielmodus mit 9 Damen- und 10 Herrenmannschaften \u00fcbernahm Erich Hafner die Organisation und das Kommando. Und seit 2015 mit einem zus\u00e4tzlichen Sponsor, n\u00e4mlich GRAND TOURS &#8211; Tenniscamps. An dieser Stelle m\u00f6chte ich mich aufrichtig und herzlich bei meinen Sponsoren und Freunden f\u00fcr das Miteinander bedanken: Intersport Pilz &#8211; Leo Scheider, RAIBA`s &#8211; Anton Falk &amp; Matthias T\u00f6dling, GRAND TOURS &#8211; Ewald Grandits jun.!!!<\/p>\n<p>Mit den Vorrunden im Fr\u00fchsommer, einer kurzen Sommerpause und den Finalspielen im August\/September sowie einem tollen Finaltag (bei unterschiedlichen Vereinen des FIT CUP nach Anmeldungen) mit allem was man sich w\u00fcnscht, wurde dieser Bewerb ein H\u00f6hepunkt im oststeirischen Tennishimmel. Und so wurde das Interesse der Mannschaften an diesem Bewerb immer gr\u00f6\u00dfer und z\u00e4hlte bereits 16 Herren- und 15 Damenmannschaften.<\/p>\n<p><strong>Was hei\u00dft eigentlich FIT?<\/strong><br \/>\nFeistritztal Ilztal Tennis oder<br \/>\nFreundschaft ist Tennissport.<\/p>\n<p>Geselligkeit mit Sport soll im Vordergrund stehen!<\/p>\n<p><strong><em>\u201eEntscheidend im Leben ist nicht so sehr, zu siegen, sondern anst\u00e4ndig zu k\u00e4mpfen.\u201c <\/em><\/strong><em>(<\/em><em>Baron Pierre de Coubertin)<\/em>[\/vc_column_text][\/vc_column][vc_column width=&#8220;1\/3&#8243;][vc_empty_space][vc_single_image image=&#8220;1643&#8243; img_size=&#8220;medium&#8220; style=&#8220;vc_box_rounded&#8220; onclick=&#8220;link_image&#8220; css_animation=&#8220;right-to-left&#8220;][vc_row_inner][vc_column_inner][vc_column_text css_animation=&#8220;appear&#8220;]<strong>Erich Hafner<\/strong><br \/>\n8212 Pischelsdorf, Gersdorf a.d.F. 117<br \/>\ngeb. am 2. April 1959<br \/>\nVerheiratet, zwei T\u00f6chter und 4 Enkerln<br \/>\nGattin Anna, T\u00f6chter Martina und Michaela[\/vc_column_text][\/vc_column_inner][\/vc_row_inner][\/vc_column][\/vc_row]<\/p>\n","protected":false},"excerpt":{"rendered":"<p>[vc_row][vc_column width=&#8220;2\/3&#8243;][vc_empty_space][vc_custom_heading text=&#8220;Organisator:&#8220; google_fonts=&#8220;font_family:Montserrat%3Aregular%2C700|font_style:400%20regular%3A400%3Anormal&#8220;][vc_column_text css_animation=&#8220;appear&#8220;]VS, HS, HTL, BS-Tiefbau u. Vermessung. \u00dcber 20 Jahre bis 2002 im Ziv.Ing. B\u00fcro Tiefbau Planung u. Bauaufsicht t\u00e4tig. Von 2002 bis 2015 in der FP\u00d6, Landesgesch\u00e4ftsstelle Steiermark als ORGA-Referent angestellt. Seit 1995 Gemeinderat in der Gemeinde Gersdorf a.d.F., 2005 bis 2010 und ab 2015 Gemeindekassier, 2006 bis 2019 Bezirksparteiobmann der [&hellip;]<\/p>\n","protected":false},"author":1,"featured_media":0,"parent":0,"menu_order":0,"comment_status":"closed","ping_status":"closed","template":"","meta":{"footnotes":""},"yoast_head":"<!-- This site is optimized with the Yoast SEO plugin v19.0 - https:\/\/yoast.com\/wordpress\/plugins\/seo\/ -->\n<title>Organisation bis 2023 - FIT-CUP<\/title>\n<meta name=\"robots\" content=\"index, follow, max-snippet:-1, max-image-preview:large, max-video-preview:-1\" \/>\n<link rel=\"canonical\" href=\"https:\/\/www.fitcup.at\/?page_id=12\" \/>\n<meta property=\"og:locale\" content=\"de_DE\" \/>\n<meta property=\"og:type\" content=\"article\" \/>\n<meta property=\"og:title\" content=\"Organisation bis 2023 - FIT-CUP\" \/>\n<meta property=\"og:description\" content=\"[vc_row][vc_column width=&#8220;2\/3&#8243;][vc_empty_space][vc_custom_heading text=&#8220;Organisator:&#8220; google_fonts=&#8220;font_family:Montserrat%3Aregular%2C700|font_style:400%20regular%3A400%3Anormal&#8220;][vc_column_text css_animation=&#8220;appear&#8220;]VS, HS, HTL, BS-Tiefbau u. Vermessung. \u00dcber 20 Jahre bis 2002 im Ziv.Ing. B\u00fcro Tiefbau Planung u. Bauaufsicht t\u00e4tig. Von 2002 bis 2015 in der FP\u00d6, Landesgesch\u00e4ftsstelle Steiermark als ORGA-Referent angestellt. Seit 1995 Gemeinderat in der Gemeinde Gersdorf a.d.F., 2005 bis 2010 und ab 2015 Gemeindekassier, 2006 bis 2019 Bezirksparteiobmann der [&hellip;]\" \/>\n<meta property=\"og:url\" content=\"https:\/\/www.fitcup.at\/?page_id=12\" \/>\n<meta property=\"og:site_name\" content=\"FIT-CUP\" \/>\n<meta property=\"article:modified_time\" content=\"2025-04-16T13:15:04+00:00\" \/>\n<meta name=\"twitter:card\" content=\"summary\" \/>\n<meta name=\"twitter:label1\" content=\"Gesch\u00e4tzte Lesezeit\" \/>\n\t<meta name=\"twitter:data1\" content=\"3\u00a0Minuten\" \/>\n<script type=\"application\/ld+json\" class=\"yoast-schema-graph\">{\"@context\":\"https:\/\/schema.org\",\"@graph\":[{\"@type\":\"WebSite\",\"@id\":\"https:\/\/www.fitcup.at\/#website\",\"url\":\"https:\/\/www.fitcup.at\/\",\"name\":\"FIT-CUP\",\"description\":\"\",\"potentialAction\":[{\"@type\":\"SearchAction\",\"target\":{\"@type\":\"EntryPoint\",\"urlTemplate\":\"https:\/\/www.fitcup.at\/?s={search_term_string}\"},\"query-input\":\"required name=search_term_string\"}],\"inLanguage\":\"de\"},{\"@type\":\"WebPage\",\"@id\":\"https:\/\/www.fitcup.at\/?page_id=12#webpage\",\"url\":\"https:\/\/www.fitcup.at\/?page_id=12\",\"name\":\"Organisation bis 2023 - FIT-CUP\",\"isPartOf\":{\"@id\":\"https:\/\/www.fitcup.at\/#website\"},\"datePublished\":\"2016-03-25T10:22:16+00:00\",\"dateModified\":\"2025-04-16T13:15:04+00:00\",\"breadcrumb\":{\"@id\":\"https:\/\/www.fitcup.at\/?page_id=12#breadcrumb\"},\"inLanguage\":\"de\",\"potentialAction\":[{\"@type\":\"ReadAction\",\"target\":[\"https:\/\/www.fitcup.at\/?page_id=12\"]}]},{\"@type\":\"BreadcrumbList\",\"@id\":\"https:\/\/www.fitcup.at\/?page_id=12#breadcrumb\",\"itemListElement\":[{\"@type\":\"ListItem\",\"position\":1,\"name\":\"Home\",\"item\":\"https:\/\/www.fitcup.at\/\"},{\"@type\":\"ListItem\",\"position\":2,\"name\":\"Organisation bis 2023\"}]}]}<\/script>\n<!-- \/ Yoast SEO plugin. -->","yoast_head_json":{"title":"Organisation bis 2023 - FIT-CUP","robots":{"index":"index","follow":"follow","max-snippet":"max-snippet:-1","max-image-preview":"max-image-preview:large","max-video-preview":"max-video-preview:-1"},"canonical":"https:\/\/www.fitcup.at\/?page_id=12","og_locale":"de_DE","og_type":"article","og_title":"Organisation bis 2023 - FIT-CUP","og_description":"[vc_row][vc_column width=&#8220;2\/3&#8243;][vc_empty_space][vc_custom_heading text=&#8220;Organisator:&#8220; google_fonts=&#8220;font_family:Montserrat%3Aregular%2C700|font_style:400%20regular%3A400%3Anormal&#8220;][vc_column_text css_animation=&#8220;appear&#8220;]VS, HS, HTL, BS-Tiefbau u. Vermessung. \u00dcber 20 Jahre bis 2002 im Ziv.Ing. B\u00fcro Tiefbau Planung u. Bauaufsicht t\u00e4tig. Von 2002 bis 2015 in der FP\u00d6, Landesgesch\u00e4ftsstelle Steiermark als ORGA-Referent angestellt. Seit 1995 Gemeinderat in der Gemeinde Gersdorf a.d.F., 2005 bis 2010 und ab 2015 Gemeindekassier, 2006 bis 2019 Bezirksparteiobmann der [&hellip;]","og_url":"https:\/\/www.fitcup.at\/?page_id=12","og_site_name":"FIT-CUP","article_modified_time":"2025-04-16T13:15:04+00:00","twitter_card":"summary","twitter_misc":{"Gesch\u00e4tzte Lesezeit":"3\u00a0Minuten"},"schema":{"@context":"https:\/\/schema.org","@graph":[{"@type":"WebSite","@id":"https:\/\/www.fitcup.at\/#website","url":"https:\/\/www.fitcup.at\/","name":"FIT-CUP","description":"","potentialAction":[{"@type":"SearchAction","target":{"@type":"EntryPoint","urlTemplate":"https:\/\/www.fitcup.at\/?s={search_term_string}"},"query-input":"required name=search_term_string"}],"inLanguage":"de"},{"@type":"WebPage","@id":"https:\/\/www.fitcup.at\/?page_id=12#webpage","url":"https:\/\/www.fitcup.at\/?page_id=12","name":"Organisation bis 2023 - FIT-CUP","isPartOf":{"@id":"https:\/\/www.fitcup.at\/#website"},"datePublished":"2016-03-25T10:22:16+00:00","dateModified":"2025-04-16T13:15:04+00:00","breadcrumb":{"@id":"https:\/\/www.fitcup.at\/?page_id=12#breadcrumb"},"inLanguage":"de","potentialAction":[{"@type":"ReadAction","target":["https:\/\/www.fitcup.at\/?page_id=12"]}]},{"@type":"BreadcrumbList","@id":"https:\/\/www.fitcup.at\/?page_id=12#breadcrumb","itemListElement":[{"@type":"ListItem","position":1,"name":"Home","item":"https:\/\/www.fitcup.at\/"},{"@type":"ListItem","position":2,"name":"Organisation bis 2023"}]}]}},"_links":{"self":[{"href":"https:\/\/www.fitcup.at\/index.php?rest_route=\/wp\/v2\/pages\/12"}],"collection":[{"href":"https:\/\/www.fitcup.at\/index.php?rest_route=\/wp\/v2\/pages"}],"about":[{"href":"https:\/\/www.fitcup.at\/index.php?rest_route=\/wp\/v2\/types\/page"}],"author":[{"embeddable":true,"href":"https:\/\/www.fitcup.at\/index.php?rest_route=\/wp\/v2\/users\/1"}],"replies":[{"embeddable":true,"href":"https:\/\/www.fitcup.at\/index.php?rest_route=%2Fwp%2Fv2%2Fcomments&post=12"}],"version-history":[{"count":23,"href":"https:\/\/www.fitcup.at\/index.php?rest_route=\/wp\/v2\/pages\/12\/revisions"}],"predecessor-version":[{"id":4263,"href":"https:\/\/www.fitcup.at\/index.php?rest_route=\/wp\/v2\/pages\/12\/revisions\/4263"}],"wp:attachment":[{"href":"https:\/\/www.fitcup.at\/index.php?rest_route=%2Fwp%2Fv2%2Fmedia&parent=12"}],"curies":[{"name":"wp","href":"https:\/\/api.w.org\/{rel}","templated":true}]}}